{"id":48,"date":"2018-06-21T12:47:23","date_gmt":"2018-06-21T11:47:23","guid":{"rendered":"http:\/\/synoguti.myddns.com\/wordpress\/?page_id=48"},"modified":"2020-12-21T22:19:13","modified_gmt":"2020-12-21T21:19:13","slug":"paroles","status":"publish","type":"page","link":"https:\/\/canticorsi.com\/?page_id=48","title":{"rendered":"Ecrire \u00e0 la r\u00e9daction !"},"content":{"rendered":"<p align=\"center\"><strong>\u2022 La R\u00e9daction : <\/strong><br \/>\nPour \u00e9crire \u00e0 notre r\u00e9daction, r\u00e9agir ou nous communiquer une information.<\/p>\n<p align=\"center\">&nbsp;<\/p>\n<p align=\"center\"><strong>\u2022 Chanteur, Groupe : <\/strong><br \/>\nVous \u00eates un groupe ou chanteur corse ? vous souhaitez nous faire partager vos cr\u00e9ations ?<\/p>\n<hr width=\"320\" size=\"1\">\n<p align=\"center\"><strong>cyril@canticorsi.com<\/strong> &lt;&nbsp; Cyril Gutierrez &nbsp;&gt;<\/p>\n<p align=\"center\"><strong>stephane@canticorsi.com<\/strong> &lt;&nbsp; St\u00e9phane Gutierrez &nbsp;&gt;<\/p>\n<p align=\"center\">&nbsp;<\/p>\n<p align=\"center\">#UNAPASSIONE #UNAVITA<\/p>\n<p align=\"center\">A Prestu<\/p>\n","protected":false},"excerpt":{"rendered":"<p>\u2022 La R\u00e9daction : Pour \u00e9crire \u00e0 notre r\u00e9daction, r\u00e9agir ou nous communiquer une information. &nbsp; \u2022 Chanteur, Groupe : Vous \u00eates un groupe ou chanteur corse ? vous souhaitez nous faire partager vos cr\u00e9ations ? cyril@canticorsi.com &lt;&nbsp; Cyril Gutierrez &nbsp;&gt; stephane@canticorsi.com &lt;&nbsp; St\u00e9phane Gutierrez &nbsp;&gt; &nbsp; #UNAPASSIONE #UNAVITA A Prestu<\/p>\n","protected":false},"author":2,"featured_media":0,"parent":0,"menu_order":0,"comment_status":"closed","ping_status":"closed","template":"submit-lyrics.php","meta":{"_monsterinsights_skip_tracking":false,"_monsterinsights_sitenote_active":false,"_monsterinsights_sitenote_note":"","_monsterinsights_sitenote_category":0,"footnotes":""},"aioseo_notices":[],"_links":{"self":[{"href":"https:\/\/canticorsi.com\/index.php?rest_route=\/wp\/v2\/pages\/48"}],"collection":[{"href":"https:\/\/canticorsi.com\/index.php?rest_route=\/wp\/v2\/pages"}],"about":[{"href":"https:\/\/canticorsi.com\/index.php?rest_route=\/wp\/v2\/types\/page"}],"author":[{"embeddable":true,"href":"https:\/\/canticorsi.com\/index.php?rest_route=\/wp\/v2\/users\/2"}],"replies":[{"embeddable":true,"href":"https:\/\/canticorsi.com\/index.php?rest_route=%2Fwp%2Fv2%2Fcomments&post=48"}],"version-history":[{"count":15,"href":"https:\/\/canticorsi.com\/index.php?rest_route=\/wp\/v2\/pages\/48\/revisions"}],"predecessor-version":[{"id":2123,"href":"https:\/\/canticorsi.com\/index.php?rest_route=\/wp\/v2\/pages\/48\/revisions\/2123"}],"wp:attachment":[{"href":"https:\/\/canticorsi.com\/index.php?rest_route=%2Fwp%2Fv2%2Fmedia&parent=48"}],"curies":[{"name":"wp","href":"https:\/\/api.w.org\/{rel}","templated":true}]}}