{"id":151,"date":"2018-06-27T21:27:11","date_gmt":"2018-06-27T20:27:11","guid":{"rendered":"http:\/\/www.canticorsi.com\/?page_id=151"},"modified":"2020-12-11T13:01:35","modified_gmt":"2020-12-11T12:01:35","slug":"cuntattu","status":"publish","type":"page","link":"https:\/\/canticorsi.com\/?page_id=151","title":{"rendered":"Cuntattu"},"content":{"rendered":"<p style=\"text-align: center;\">N&rsquo;h\u00e9sitez pas \u00e0 nous contacter pour toute question, suggestion, ou demande d&rsquo;informations.<\/p>\n<p style=\"text-align: center;\"><strong>\u2022 Informations G\u00e9n\u00e9rales :<\/strong><br \/>\nPour toutes informations g\u00e9n\u00e9rales relatives \u00e0 CantiCorsi, bugs ou suggestions.<\/p>\n<p style=\"text-align: center;\"><strong>\u2022 La R\u00e9daction :<\/strong><br \/>\nPour \u00e9crire \u00e0 notre r\u00e9daction, r\u00e9agir ou nous communiquer une information.<\/p>\n<p style=\"text-align: center;\"><strong>\u2022 Chanteur, Groupe :<\/strong><br \/>\nVous \u00eates un groupe ou chanteur corse ? vous souhaitez nous faire partager vos cr\u00e9ations ?<\/p>\n<p style=\"text-align: center;\"><strong>\u2022 Publicit\u00e9 et Annonceurs :<\/strong><br \/>\nPour toute information concernant les opportunit\u00e9s publicitaires et les op\u00e9rations de communication, contactez-nous directement.<\/p>\n<p style=\"text-align: center;\"><strong>\u2022 Presse &amp; Relations Publiques :<\/strong><br \/>\nVous \u00eates journaliste et avez besoin d&rsquo;informations ? Vous souhaitez nous faire parvenir un dossier de presse ?<\/p>\n<p style=\"text-align: center;\"><strong>\u2022 Partenariats :<\/strong><br \/>\nVous souhaitez \u00e9tablir un partenariat avec le site ?<br \/>\n<strong>cyril@canticorsi.com &lt; cyril@canticorsi.com &gt;<\/strong><\/p>\n<p><strong>Qui sommes nous ?<\/strong><\/p>\n<p>CantiCorsi est un site cr\u00e9\u00e9 par des passionn\u00e9s et pour des passionn\u00e9s de la langue, de la culture et surtout de la chanson corse.<\/p>\n<p>Tout \u00e0 commenc\u00e9 lors de plusieurs soir\u00e9es accompagn\u00e9s de bons vins nustrale et d&rsquo;une guitare bien accord\u00e9e, ou l&rsquo;on chantait de la polyphonie entre amis. Nous en sommes venu \u00e0 chercher les paroles d&rsquo;une chanson qui datait des ann\u00e9es 1990. Impossible de trouver \u00e7a sur le net. Nous en sommes venu a cr\u00e9er une page, puis deux puis trois.. pour finalement faire partager notre travail, notre passion aux autres. Aujourd&rsquo;hui, apr\u00e8s plus de 500heures de travail, <em>\u00a0\u00bb CantiCorsi \u00ab\u00a0<\/em> existe, et je suis fi\u00e8re de partager cette culture, cette langue, retransmettre tout cel\u00e0 aux anciens comme aux g\u00e9n\u00e9rations suivantes.<\/p>\n<p>Nous sommes deux fr\u00e8res \u00e0 travailler sur ce projet chaque jours, nous souhaitons cr\u00e9er un slogan <em>\u00a0\u00bb Una passione, una vita \u00ab\u00a0<\/em>\u00a0\u00a0a lingua corsa, i canti corsi, c&rsquo;est ce que nous vivons tous les jours.<br \/>\nSi vous \u00eates un nouveau groupe, vous chantez en solo, vous souhaitez que l&rsquo;on partage vos cr\u00e9ations sur une page personnalis\u00e9e n&rsquo;h\u00e9sitez surtout pas \u00e0 nous contacter.<\/p>\n<p>Merci d&rsquo;\u00eatre pass\u00e9s par l\u00e0, nous vous souhaitons une bonne continuation.<\/p>\n<p align=\"center\">cyril@canticorsi.com &lt; <em>Cyril Gutierrez<\/em> &gt;<\/p>\n<p align=\"center\">stephane@canticorsi.com &lt; <em>St\u00e9phane Gutierrez<\/em> &gt;<\/p>\n<p style=\"text-align: center;\" align=\"center\"><strong><em>#UNAPASSIONE #UNAVITA<\/em><\/strong><\/p>\n<p align=\"center\"><em>A Prestu<\/em><\/p>\n","protected":false},"excerpt":{"rendered":"<p>N&rsquo;h\u00e9sitez pas \u00e0 nous contacter pour toute question, suggestion, ou demande d&rsquo;informations. \u2022 Informations G\u00e9n\u00e9rales : Pour toutes informations g\u00e9n\u00e9rales relatives \u00e0 CantiCorsi, bugs ou suggestions. \u2022 La R\u00e9daction : Pour \u00e9crire \u00e0 notre r\u00e9daction, r\u00e9agir ou nous communiquer une information. \u2022 Chanteur, Groupe : Vous \u00eates un groupe ou chanteur corse ? vous souhaitez [&hellip;]<\/p>\n","protected":false},"author":2,"featured_media":14,"parent":0,"menu_order":0,"comment_status":"closed","ping_status":"closed","template":"submit-lyrics.php","meta":{"_monsterinsights_skip_tracking":false,"_monsterinsights_sitenote_active":false,"_monsterinsights_sitenote_note":"","_monsterinsights_sitenote_category":0,"footnotes":""},"aioseo_notices":[],"_links":{"self":[{"href":"https:\/\/canticorsi.com\/index.php?rest_route=\/wp\/v2\/pages\/151"}],"collection":[{"href":"https:\/\/canticorsi.com\/index.php?rest_route=\/wp\/v2\/pages"}],"about":[{"href":"https:\/\/canticorsi.com\/index.php?rest_route=\/wp\/v2\/types\/page"}],"author":[{"embeddable":true,"href":"https:\/\/canticorsi.com\/index.php?rest_route=\/wp\/v2\/users\/2"}],"replies":[{"embeddable":true,"href":"https:\/\/canticorsi.com\/index.php?rest_route=%2Fwp%2Fv2%2Fcomments&post=151"}],"version-history":[{"count":21,"href":"https:\/\/canticorsi.com\/index.php?rest_route=\/wp\/v2\/pages\/151\/revisions"}],"predecessor-version":[{"id":2059,"href":"https:\/\/canticorsi.com\/index.php?rest_route=\/wp\/v2\/pages\/151\/revisions\/2059"}],"wp:featuredmedia":[{"embeddable":true,"href":"https:\/\/canticorsi.com\/index.php?rest_route=\/wp\/v2\/media\/14"}],"wp:attachment":[{"href":"https:\/\/canticorsi.com\/index.php?rest_route=%2Fwp%2Fv2%2Fmedia&parent=151"}],"curies":[{"name":"wp","href":"https:\/\/api.w.org\/{rel}","templated":true}]}}